{"id":33,"date":"2018-05-28T18:28:41","date_gmt":"2018-05-28T18:28:41","guid":{"rendered":"http:\/\/mickeythompsoniberica.com\/DICKCEPEK\/?page_id=33"},"modified":"2022-01-18T08:03:28","modified_gmt":"2022-01-18T08:03:28","slug":"dc-2-black","status":"publish","type":"page","link":"https:\/\/mickeythompsoniberica.com\/DICKCEPEK\/dc-2-black\/","title":{"rendered":"DC-2 Black"},"content":{"rendered":"<h4><\/h4>\n<div class=\"ale-divider dashed\">\n<table border=\"0\" width=\"560\" cellspacing=\"0\" cellpadding=\"0\">\n<tbody>\n<tr>\n<td colspan=\"2\">\n<p class=\"text12n\" align=\"left\">La nueva DC-2 Black representa la evoluci\u00f3n de la DC-1 Black; con un dise\u00f1o a\u00fan m\u00e1s atractivo y espectacular, conserva por lo dem\u00e1s todas las cualidades de resistencia y durabilidad de su antecesora.<\/p>\n<div align=\"left\">\n<ul type=\"disc\">\n<li class=\"text12n\">Buje de acero inoxidable pulido para una mayor dureza.<\/li>\n<li class=\"text12n\">Todas las perforaciones interiores est\u00e1n pulidas presentando un mejor acabado.<\/li>\n<li class=\"text12n\">Llamativa y Original.<\/li>\n<li class=\"text12n\">Garant\u00eda de por vida sobre defectos estructurales<\/li>\n<\/ul>\n<\/div>\n<\/td>\n<\/tr>\n<\/tbody>\n<\/table>\n<table border=\"1\" cellspacing=\"0\" cellpadding=\"0\">\n<tbody>\n<tr>\n<td class=\"text10n\" bgcolor=\"#f08920\" width=\"157\"><strong>Referencia<\/strong><\/td>\n<td class=\"text10n\" bgcolor=\"#f08920\" width=\"151\"><strong>Medidas<\/strong><\/td>\n<td class=\"text10n\" bgcolor=\"#f08920\" width=\"117\"><strong>Anclaje<\/strong><\/td>\n<td class=\"text10n\" bgcolor=\"#f08920\" width=\"102\"><strong>PVP(*)<\/strong><\/td>\n<\/tr>\n<tr>\n<td class=\"text10n\" width=\"157\">1158421<\/td>\n<td class=\"text10n\" width=\"151\">15X8<\/td>\n<td class=\"text10n\" width=\"117\">5-4.5<\/td>\n<td class=\"text10n\" width=\"102\">375 \u20ac<\/td>\n<\/tr>\n<tr>\n<td class=\"text10n\">1158401<\/td>\n<td class=\"text10n\">15&#215;8<\/td>\n<td class=\"text10n\">5-5.5<\/td>\n<td class=\"text10n\">375 \u20ac<\/td>\n<\/tr>\n<tr>\n<td class=\"text10n\" width=\"157\">1158411<\/td>\n<td class=\"text10n\" width=\"151\">15X8<\/td>\n<td class=\"text10n\" width=\"117\">6-5.5<\/td>\n<td class=\"text10n\" width=\"102\">375 \u20ac<\/td>\n<\/tr>\n<tr>\n<td class=\"text10n\" width=\"157\">1150421<\/td>\n<td class=\"text10n\" width=\"151\">15X10<\/td>\n<td class=\"text10n\" width=\"117\">5-4.5<\/td>\n<td class=\"text10n\" width=\"102\">427 \u20ac<\/td>\n<\/tr>\n<tr>\n<td class=\"text10n\" width=\"157\">1150401<\/td>\n<td class=\"text10n\" width=\"151\">15X10<\/td>\n<td class=\"text10n\" width=\"117\">5-5.5<\/td>\n<td class=\"text10n\" width=\"102\">427 \u20ac<\/td>\n<\/tr>\n<tr>\n<td class=\"text10n\" width=\"157\">1150411<\/td>\n<td class=\"text10n\" width=\"151\">15X10<\/td>\n<td class=\"text10n\" width=\"117\">6-5.5<\/td>\n<td class=\"text10n\" width=\"102\">427\u20ac<\/td>\n<\/tr>\n<tr>\n<td class=\"text10n\">1168452<\/td>\n<td class=\"text10n\">16&#215;8<\/td>\n<td class=\"text10n\">5-135<\/td>\n<td class=\"text10n\">427\u20ac<\/td>\n<\/tr>\n<tr>\n<td class=\"text10n\" width=\"157\">1168421<\/td>\n<td class=\"text10n\" width=\"151\">16X8<\/td>\n<td class=\"text10n\" width=\"117\">5-4.5<\/td>\n<td class=\"text10n\" width=\"102\">427\u20ac<\/td>\n<\/tr>\n<tr>\n<td class=\"text10n\">1168431<\/td>\n<td class=\"text10n\">16&#215;8<\/td>\n<td class=\"text10n\">5-5<\/td>\n<td class=\"text10n\">427 \u20ac<\/td>\n<\/tr>\n<tr>\n<td class=\"text10n\">1168401<\/td>\n<td class=\"text10n\">16&#215;8<\/td>\n<td class=\"text10n\">5-5.5<\/td>\n<td class=\"text10n\">427 \u20ac<\/td>\n<\/tr>\n<tr>\n<td class=\"text10n\" width=\"157\">1168412<\/td>\n<td class=\"text10n\" width=\"151\">16X8<\/td>\n<td class=\"text10n\" width=\"117\">6-5.5<\/td>\n<td class=\"text10n\" width=\"102\">427 \u20ac<\/td>\n<\/tr>\n<tr>\n<td class=\"text10n\">1168170<\/td>\n<td class=\"text10n\">16&#215;8<\/td>\n<td class=\"text10n\">8-170<\/td>\n<td class=\"text10n\">427 \u20ac<\/td>\n<\/tr>\n<tr>\n<td class=\"text10n\" width=\"157\">1168482<\/td>\n<td class=\"text10n\" width=\"151\">16X8<\/td>\n<td class=\"text10n\" width=\"117\">8-6.5<\/td>\n<td class=\"text10n\" width=\"102\">427 \u20ac<\/td>\n<\/tr>\n<tr>\n<td class=\"text10n\">1160452<\/td>\n<td class=\"text10n\">16&#215;10<\/td>\n<td class=\"text10n\">5-135<\/td>\n<td class=\"text10n\">427 \u20ac<\/td>\n<\/tr>\n<tr>\n<td class=\"text10n\">1160421<\/td>\n<td class=\"text10n\">16&#215;10<\/td>\n<td class=\"text10n\">5-4.5<\/td>\n<td class=\"text10n\">466 \u20ac<\/td>\n<\/tr>\n<tr>\n<td class=\"text10n\">1160401<\/td>\n<td class=\"text10n\">16&#215;10<\/td>\n<td class=\"text10n\">5-5.5<\/td>\n<td class=\"text10n\">466 \u20ac<\/td>\n<\/tr>\n<tr>\n<td class=\"text10n\" width=\"157\">1160412<\/td>\n<td class=\"text10n\" width=\"151\">16X10<\/td>\n<td class=\"text10n\" width=\"117\">6-5.5<\/td>\n<td class=\"text10n\" width=\"102\">466 \u20ac<\/td>\n<\/tr>\n<tr>\n<td class=\"text10n\" width=\"157\">1160170<\/td>\n<td class=\"text10n\" width=\"151\">16X10<\/td>\n<td class=\"text10n\" width=\"117\">8-170<\/td>\n<td class=\"text10n\" width=\"102\">466 \u20ac<\/td>\n<\/tr>\n<tr>\n<td class=\"text10n\" width=\"157\">1160481<\/td>\n<td class=\"text10n\" width=\"151\">16X10<\/td>\n<td class=\"text10n\" width=\"117\">8-6.5<\/td>\n<td class=\"text10n\" width=\"102\">466 \u20ac<\/td>\n<\/tr>\n<tr>\n<td class=\"text10n\">1179452<\/td>\n<td class=\"text10n\">17&#215;9<\/td>\n<td class=\"text10n\">5-135<\/td>\n<td class=\"text10n\">500 \u20ac<\/td>\n<\/tr>\n<tr>\n<td class=\"text10n\">1179421<\/td>\n<td class=\"text10n\">17&#215;9<\/td>\n<td class=\"text10n\">5-4.5<\/td>\n<td class=\"text10n\">500 \u20ac<\/td>\n<\/tr>\n<tr>\n<td class=\"text10n\">1179431<\/td>\n<td class=\"text10n\">17&#215;9<\/td>\n<td class=\"text10n\">5-5<\/td>\n<td class=\"text10n\">500 \u20ac<\/td>\n<\/tr>\n<tr>\n<td class=\"text10n\" width=\"157\">1179402<\/td>\n<td class=\"text10n\" width=\"151\">17X9<\/td>\n<td class=\"text10n\" width=\"117\">5-5.5<\/td>\n<td class=\"text10n\" width=\"102\">500 \u20ac<\/td>\n<\/tr>\n<tr>\n<td class=\"text10n\">1179462<\/td>\n<td class=\"text10n\">17&#215;9<\/td>\n<td class=\"text10n\">6-135<\/td>\n<td class=\"text10n\">500 \u20ac<\/td>\n<\/tr>\n<tr>\n<td class=\"text10n\" width=\"157\">1179412<\/td>\n<td class=\"text10n\" width=\"151\">17X9<\/td>\n<td class=\"text10n\" width=\"117\">6-5.5<\/td>\n<td class=\"text10n\" width=\"102\">500 \u20ac<\/td>\n<\/tr>\n<tr>\n<td class=\"text10n\" width=\"157\">1179170<\/td>\n<td class=\"text10n\" width=\"151\">17X9<\/td>\n<td class=\"text10n\" width=\"117\">8-170<\/td>\n<td class=\"text10n\" width=\"102\">500 \u20ac<\/td>\n<\/tr>\n<tr>\n<td class=\"text10n\">1179481<\/td>\n<td class=\"text10n\">17X9<\/td>\n<td class=\"text10n\">8-6.5<\/td>\n<td class=\"text10n\">500 \u20ac<\/td>\n<\/tr>\n<tr>\n<td class=\"text10n\">1189431<\/td>\n<td class=\"text10n\">18&#215;9<\/td>\n<td class=\"text10n\">5-5<\/td>\n<td class=\"text10n\">575 \u20ac<\/td>\n<\/tr>\n<tr>\n<td class=\"text10n\">1189402<\/td>\n<td class=\"text10n\">18&#215;9<\/td>\n<td class=\"text10n\">5-5.5<\/td>\n<td class=\"text10n\">575 \u20ac<\/td>\n<\/tr>\n<tr>\n<td class=\"text10n\">1189462<\/td>\n<td class=\"text10n\">18&#215;9<\/td>\n<td class=\"text10n\">6-135<\/td>\n<td class=\"text10n\">575 \u20ac<\/td>\n<\/tr>\n<tr>\n<td class=\"text10n\">1189412<\/td>\n<td class=\"text10n\">18&#215;9<\/td>\n<td class=\"text10n\">6-5.5<\/td>\n<td class=\"text10n\">575 \u20ac<\/td>\n<\/tr>\n<tr>\n<td class=\"text10n\">1189170<\/td>\n<td class=\"text10n\">18&#215;9<\/td>\n<td class=\"text10n\">8-170<\/td>\n<td class=\"text10n\">575 \u20ac<\/td>\n<\/tr>\n<tr>\n<td class=\"text10n\">1189481<\/td>\n<td class=\"text10n\">18&#215;9<\/td>\n<td class=\"text10n\">8-6.5<\/td>\n<td class=\"text10n\">575\u00a0 \u20ac<\/td>\n<\/tr>\n<tr>\n<td class=\"text10n\">1129402<\/td>\n<td class=\"text10n\">20&#215;9<\/td>\n<td class=\"text10n\">5-5.5<\/td>\n<td class=\"text10n\">686 \u20ac<\/td>\n<\/tr>\n<tr>\n<td class=\"text10n\">1129462<\/td>\n<td class=\"text10n\">20&#215;9<\/td>\n<td class=\"text10n\">6-135<\/td>\n<td class=\"text10n\">686 \u20ac<\/td>\n<\/tr>\n<tr>\n<td class=\"text10n\">1129412<\/td>\n<td class=\"text10n\">20&#215;9<\/td>\n<td class=\"text10n\">6-5.5<\/td>\n<td class=\"text10n\">686 \u20ac<\/td>\n<\/tr>\n<tr>\n<td class=\"text10n\">1129170<\/td>\n<td class=\"text10n\">20&#215;9<\/td>\n<td class=\"text10n\">8-170<\/td>\n<td class=\"text10n\">686 \u20ac<\/td>\n<\/tr>\n<tr>\n<td class=\"text10n\">1129481<\/td>\n<td class=\"text10n\">20&#215;9<\/td>\n<td class=\"text10n\">8-6.5<\/td>\n<td class=\"text10n\">686 \u20ac<\/td>\n<\/tr>\n<tr>\n<td class=\"text10n\">1121170<\/td>\n<td class=\"text10n\">20&#215;12<\/td>\n<td class=\"text10n\">8-170<\/td>\n<td class=\"text10n\">686 \u20ac<\/td>\n<\/tr>\n<tr>\n<td class=\"text10n\">1121481<\/td>\n<td class=\"text10n\">20&#215;12<\/td>\n<td class=\"text10n\">8-6.5<\/td>\n<td class=\"text10n\">686 \u20ac<\/td>\n<\/tr>\n<tr>\n<td class=\"text10n\" colspan=\"8\">*Precios m\u00e1ximos recomendados. No incluyen IVA<\/td>\n<\/tr>\n<\/tbody>\n<\/table>\n<\/div>\n","protected":false},"excerpt":{"rendered":"<p>La nueva DC-2 Black representa la evoluci\u00f3n de la DC-1 Black; con un dise\u00f1o a\u00fan m\u00e1s atractivo y espectacular, conserva por lo dem\u00e1s todas las cualidades de resistencia y durabilidad de su antecesora. Buje de acero inoxidable pulido para una mayor dureza. Todas las perforaciones interiores est\u00e1n pulidas presentando un mejor acabado. Llamativa y Original. &hellip; <\/p>\n<p class=\"link-more\"><a href=\"https:\/\/mickeythompsoniberica.com\/DICKCEPEK\/dc-2-black\/\" class=\"more-link\">Continuar leyendo<span class=\"screen-reader-text\"> \u00abDC-2 Black\u00bb<\/span><\/a><\/p>\n","protected":false},"author":1,"featured_media":54,"parent":0,"menu_order":0,"comment_status":"closed","ping_status":"closed","template":"","meta":[],"_links":{"self":[{"href":"https:\/\/mickeythompsoniberica.com\/DICKCEPEK\/wp-json\/wp\/v2\/pages\/33"}],"collection":[{"href":"https:\/\/mickeythompsoniberica.com\/DICKCEPEK\/wp-json\/wp\/v2\/pages"}],"about":[{"href":"https:\/\/mickeythompsoniberica.com\/DICKCEPEK\/wp-json\/wp\/v2\/types\/page"}],"author":[{"embeddable":true,"href":"https:\/\/mickeythompsoniberica.com\/DICKCEPEK\/wp-json\/wp\/v2\/users\/1"}],"replies":[{"embeddable":true,"href":"https:\/\/mickeythompsoniberica.com\/DICKCEPEK\/wp-json\/wp\/v2\/comments?post=33"}],"version-history":[{"count":11,"href":"https:\/\/mickeythompsoniberica.com\/DICKCEPEK\/wp-json\/wp\/v2\/pages\/33\/revisions"}],"predecessor-version":[{"id":99,"href":"https:\/\/mickeythompsoniberica.com\/DICKCEPEK\/wp-json\/wp\/v2\/pages\/33\/revisions\/99"}],"wp:featuredmedia":[{"embeddable":true,"href":"https:\/\/mickeythompsoniberica.com\/DICKCEPEK\/wp-json\/wp\/v2\/media\/54"}],"wp:attachment":[{"href":"https:\/\/mickeythompsoniberica.com\/DICKCEPEK\/wp-json\/wp\/v2\/media?parent=33"}],"curies":[{"name":"wp","href":"https:\/\/api.w.org\/{rel}","templated":true}]}}